{"id":4930,"date":"2025-08-28T10:07:16","date_gmt":"2025-08-28T08:07:16","guid":{"rendered":"https:\/\/polygon.eu\/trabaja-con-nosotros\/"},"modified":"2025-09-26T09:51:05","modified_gmt":"2025-09-26T07:51:05","slug":"trabaja-con-nosotros","status":"publish","type":"page","link":"https:\/\/polygon.eu\/es\/trabaja-con-nosotros\/","title":{"rendered":"Trabaja con nosotros"},"content":{"rendered":"\t\t<div data-elementor-type=\"wp-page\" data-elementor-id=\"4930\" class=\"elementor elementor-4930 elementor-3458\" data-elementor-settings=\"{&quot;ha_cmc_init_switcher&quot;:&quot;no&quot;}\" data-elementor-post-type=\"page\">\n\t\t\t\t<div class=\"elementor-element elementor-element-0ae5d89 elementor-hidden-mobile e-flex e-con-boxed wpr-particle-no wpr-jarallax-no wpr-parallax-no wpr-sticky-section-no e-con e-parent\" data-id=\"0ae5d89\" data-element_type=\"container\" data-e-type=\"container\" data-settings=\"{&quot;position&quot;:&quot;absolute&quot;,&quot;_ha_eqh_enable&quot;:false}\">\n\t\t\t\t\t<div class=\"e-con-inner\">\n\t\t\t\t<div class=\"elementor-element elementor-element-35de204 elementor-invisible elementor-widget elementor-widget-heading\" data-id=\"35de204\" data-element_type=\"widget\" data-e-type=\"widget\" data-settings=\"{&quot;_animation&quot;:&quot;fadeInLeft&quot;}\" data-widget_type=\"heading.default\">\n\t\t\t\t<div class=\"elementor-widget-container\">\n\t\t\t\t\t<h2 class=\"elementor-heading-title elementor-size-default\">Trabajar en Polygon<\/h2>\t\t\t\t<\/div>\n\t\t\t\t<\/div>\n\t\t\t\t<div class=\"elementor-element elementor-element-6ea06ea elementor-widget__width-initial elementor-invisible elementor-widget elementor-widget-text-editor\" data-id=\"6ea06ea\" data-element_type=\"widget\" data-e-type=\"widget\" data-settings=\"{&quot;_animation&quot;:&quot;fadeInUp&quot;}\" data-widget_type=\"text-editor.default\">\n\t\t\t\t<div class=\"elementor-widget-container\">\n\t\t\t\t\t\t\t\t\t<p>Polygon innova la Sanidad, <strong>integrando tecnolog\u00edas avanzadas<\/strong> y apoyando diariamente a las estructuras y al personal sanitario. Buscamos <strong>pasi\u00f3n, flexibilidad y determinaci\u00f3n<\/strong>, garantizando eficiencia, calidad y seguridad en un <strong>entorno \u00e9tico<\/strong> y orientado al crecimiento profesional. <\/p>\t\t\t\t\t\t\t\t<\/div>\n\t\t\t\t<\/div>\n\t\t\t\t\t<\/div>\n\t\t\t\t<\/div>\n\t\t<div class=\"elementor-element elementor-element-faddf4b e-con-full e-flex wpr-particle-no wpr-jarallax-no wpr-parallax-no wpr-sticky-section-no e-con e-parent\" data-id=\"faddf4b\" data-element_type=\"container\" data-e-type=\"container\" data-settings=\"{&quot;_ha_eqh_enable&quot;:false}\">\n\t\t<div class=\"elementor-element elementor-element-1192ecb elementor-hidden-mobile e-flex e-con-boxed wpr-particle-no wpr-jarallax-no wpr-parallax-no wpr-sticky-section-no e-con e-child\" data-id=\"1192ecb\" data-element_type=\"container\" data-e-type=\"container\" data-settings=\"{&quot;_ha_eqh_enable&quot;:false}\">\n\t\t\t\t\t<div class=\"e-con-inner\">\n\t\t\t\t\t<\/div>\n\t\t\t\t<\/div>\n\t\t<div class=\"elementor-element elementor-element-89ea10c e-flex e-con-boxed wpr-particle-no wpr-jarallax-no wpr-parallax-no wpr-sticky-section-no e-con e-child\" data-id=\"89ea10c\" data-element_type=\"container\" data-e-type=\"container\" data-settings=\"{&quot;background_background&quot;:&quot;classic&quot;,&quot;_ha_eqh_enable&quot;:false}\">\n\t\t\t\t\t<div class=\"e-con-inner\">\n\t\t\t\t<div class=\"elementor-element elementor-element-5074f79 elementor-hidden-desktop elementor-hidden-tablet elementor-widget elementor-widget-heading\" data-id=\"5074f79\" data-element_type=\"widget\" data-e-type=\"widget\" data-widget_type=\"heading.default\">\n\t\t\t\t<div class=\"elementor-widget-container\">\n\t\t\t\t\t<h2 class=\"elementor-heading-title elementor-size-default\">Trabajar en Polygon\n<\/h2>\t\t\t\t<\/div>\n\t\t\t\t<\/div>\n\t\t\t\t<div class=\"elementor-element elementor-element-ee67cc6 elementor-hidden-desktop elementor-hidden-tablet elementor-invisible elementor-widget elementor-widget-text-editor\" data-id=\"ee67cc6\" data-element_type=\"widget\" data-e-type=\"widget\" data-settings=\"{&quot;_animation&quot;:&quot;fadeInUp&quot;}\" data-widget_type=\"text-editor.default\">\n\t\t\t\t<div class=\"elementor-widget-container\">\n\t\t\t\t\t\t\t\t\t<p>Polygon innova la Sanidad, <strong>integrando tecnolog\u00edas avanzadas<\/strong> y apoyando diariamente a las estructuras y al personal sanitario. Buscamos <strong>pasi\u00f3n, flexibilidad y determinaci\u00f3n<\/strong>, garantizando eficiencia, calidad y seguridad en un <strong>entorno \u00e9tico<\/strong> y orientado al crecimiento profesional. <\/p>\t\t\t\t\t\t\t\t<\/div>\n\t\t\t\t<\/div>\n\t\t\t\t\t<\/div>\n\t\t\t\t<\/div>\n\t\t\t\t<\/div>\n\t\t<div class=\"elementor-element elementor-element-5b042e7 e-flex e-con-boxed wpr-particle-no wpr-jarallax-no wpr-parallax-no wpr-sticky-section-no e-con e-parent\" data-id=\"5b042e7\" data-element_type=\"container\" data-e-type=\"container\" data-settings=\"{&quot;_ha_eqh_enable&quot;:false}\">\n\t\t\t\t\t<div class=\"e-con-inner\">\n\t\t\t\t<div class=\"elementor-element elementor-element-5742728 elementor-widget elementor-widget-htcontactform-addons\" data-id=\"5742728\" data-element_type=\"widget\" data-e-type=\"widget\" data-widget_type=\"htcontactform-addons.default\">\n\t\t\t\t<div class=\"elementor-widget-container\">\n\t\t\t\t\t            <div class=\"htcontact-form-wrapper\" >\n                \n<div class=\"wpcf7 no-js\" id=\"wpcf7-f5150-o1\" lang=\"es-ES\" dir=\"ltr\" data-wpcf7-id=\"5150\">\n<div class=\"screen-reader-response\"><p role=\"status\" aria-live=\"polite\" aria-atomic=\"true\"><\/p> <ul><\/ul><\/div>\n<form action=\"\/es\/wp-json\/wp\/v2\/pages\/4930#wpcf7-f5150-o1\" method=\"post\" class=\"wpcf7-form init\" aria-label=\"Formulario de contacto\" enctype=\"multipart\/form-data\" novalidate=\"novalidate\" data-status=\"init\">\n<fieldset class=\"hidden-fields-container\"><input type=\"hidden\" name=\"_wpcf7\" value=\"5150\" \/><input type=\"hidden\" name=\"_wpcf7_version\" value=\"6.1.5\" \/><input type=\"hidden\" name=\"_wpcf7_locale\" value=\"es_ES\" \/><input type=\"hidden\" name=\"_wpcf7_unit_tag\" value=\"wpcf7-f5150-o1\" \/><input type=\"hidden\" name=\"_wpcf7_container_post\" value=\"0\" \/><input type=\"hidden\" name=\"_wpcf7_posted_data_hash\" value=\"\" \/><input type=\"hidden\" name=\"_wpcf7_recaptcha_response\" value=\"\" \/>\n<\/fieldset>\n<p><label> <span class=\"wpcf7-form-control-wrap\" data-name=\"your-name\"><input size=\"40\" maxlength=\"400\" class=\"wpcf7-form-control wpcf7-text wpcf7-validates-as-required\" aria-required=\"true\" aria-invalid=\"false\" placeholder=\"Nombre y apellido\" value=\"\" type=\"text\" name=\"your-name\" \/><\/span> <\/label>\n<\/p>\n<p><label> <span class=\"wpcf7-form-control-wrap\" data-name=\"citta\"><input size=\"40\" maxlength=\"400\" class=\"wpcf7-form-control wpcf7-text wpcf7-validates-as-required\" aria-required=\"true\" aria-invalid=\"false\" placeholder=\"Ciudad\" value=\"\" type=\"text\" name=\"citta\" \/><\/span> <\/label>\n<\/p>\n<p><label> <span class=\"wpcf7-form-control-wrap\" data-name=\"your-email\"><input size=\"40\" maxlength=\"400\" class=\"wpcf7-form-control wpcf7-email wpcf7-validates-as-required wpcf7-text wpcf7-validates-as-email\" aria-required=\"true\" aria-invalid=\"false\" placeholder=\"Mail\" value=\"\" type=\"email\" name=\"your-email\" \/><\/span> <\/label>\n<\/p>\n<p><label> <span class=\"wpcf7-form-control-wrap\" data-name=\"tel-862\"><input size=\"40\" maxlength=\"400\" class=\"wpcf7-form-control wpcf7-tel wpcf7-validates-as-required wpcf7-text wpcf7-validates-as-tel\" aria-required=\"true\" aria-invalid=\"false\" placeholder=\"correo electr\u00f3nico\" value=\"\" type=\"tel\" name=\"tel-862\" \/><\/span> <\/label>\n<\/p>\n<p><label> <span class=\"wpcf7-form-control-wrap\" data-name=\"your-message\"><textarea cols=\"40\" rows=\"10\" maxlength=\"2000\" class=\"wpcf7-form-control wpcf7-textarea wpcf7-validates-as-required\" aria-required=\"true\" aria-invalid=\"false\" placeholder=\"Dejar un mensaje\" name=\"your-message\"><\/textarea><\/span> <\/label>\n<\/p>\n<p><span class=\"wpcf7-form-control-wrap\" data-name=\"your-consent\"><span class=\"wpcf7-form-control wpcf7-acceptance\"><span class=\"wpcf7-list-item\"><label><input type=\"checkbox\" name=\"your-consent\" value=\"1\" aria-invalid=\"false\" \/><span class=\"wpcf7-list-item-label\">He le\u00eddo y comprendido la informaci\u00f3n sobre la protecci\u00f3n de <a href=\"https:\/\/www.iubenda.com\/privacy-policy\/37187447\">datos personales<\/a>.<\/span><\/label><\/span><\/span><\/span>\n<\/p>\n<p><label> Adjunta tu CV<br \/>\n<span class=\"wpcf7-form-control-wrap\" data-name=\"pdf\"><input size=\"40\" class=\"wpcf7-form-control wpcf7-file wpcf7-validates-as-required\" accept=\".pdf\" aria-required=\"true\" aria-invalid=\"false\" type=\"file\" name=\"pdf\" \/><\/span><\/label>\n<\/p>\n<p><input class=\"wpcf7-form-control wpcf7-submit has-spinner\" type=\"submit\" value=\"Enviar\" \/>\n<\/p><div class=\"wpcf7-response-output\" aria-hidden=\"true\"><\/div>\n<\/form>\n<\/div>\n            <\/div>\n\n        \t\t\t\t<\/div>\n\t\t\t\t<\/div>\n\t\t\t\t\t<\/div>\n\t\t\t\t<\/div>\n\t\t\t\t<\/div>\n\t\t","protected":false},"excerpt":{"rendered":"<p>Trabajar en Polygon Polygon innova la Sanidad, integrando tecnolog\u00edas avanzadas y apoyando diariamente a las estructuras y al personal sanitario. Buscamos pasi\u00f3n, flexibilidad y determinaci\u00f3n, garantizando eficiencia, calidad y seguridad en un entorno \u00e9tico y orientado al crecimiento profesional. Trabajar en Polygon Polygon innova la Sanidad, integrando tecnolog\u00edas avanzadas y apoyando diariamente a las estructuras y al personal sanitario. Buscamos pasi\u00f3n, flexibilidad y determinaci\u00f3n, garantizando eficiencia, calidad y seguridad en un entorno \u00e9tico y orientado al crecimiento profesional. He le\u00eddo y comprendido la informaci\u00f3n sobre la protecci\u00f3n de datos personales. Adjunta tu CV<\/p>\n","protected":false},"author":8,"featured_media":4756,"parent":0,"menu_order":0,"comment_status":"closed","ping_status":"closed","template":"","meta":{"site-sidebar-layout":"no-sidebar","site-content-layout":"","ast-site-content-layout":"full-width-container","site-content-style":"default","site-sidebar-style":"default","ast-global-header-display":"","ast-banner-title-visibility":"","ast-main-header-display":"","ast-hfb-above-header-display":"","ast-hfb-below-header-display":"","ast-hfb-mobile-header-display":"","site-post-title":"disabled","ast-breadcrumbs-content":"","ast-featured-img":"disabled","footer-sml-layout":"","ast-disable-related-posts":"","theme-transparent-header-meta":"default","adv-header-id-meta":"","stick-header-meta":"","header-above-stick-meta":"","header-main-stick-meta":"","header-below-stick-meta":"","astra-migrate-meta-layouts":"default","ast-page-background-enabled":"default","ast-page-background-meta":{"desktop":{"background-color":"var(--ast-global-color-5)","background-image":"","background-repeat":"repeat","background-position":"center center","background-size":"auto","background-attachment":"scroll","background-type":"","background-media":"","overlay-type":"","overlay-color":"","overlay-opacity":"","overlay-gradient":""},"tablet":{"background-color":"","background-image":"","background-repeat":"repeat","background-position":"center center","background-size":"auto","background-attachment":"scroll","background-type":"","background-media":"","overlay-type":"","overlay-color":"","overlay-opacity":"","overlay-gradient":""},"mobile":{"background-color":"","background-image":"","background-repeat":"repeat","background-position":"center center","background-size":"auto","background-attachment":"scroll","background-type":"","background-media":"","overlay-type":"","overlay-color":"","overlay-opacity":"","overlay-gradient":""}},"ast-content-background-meta":{"desktop":{"background-color":"var(--ast-global-color-4)","background-image":"","background-repeat":"repeat","background-position":"center center","background-size":"auto","background-attachment":"scroll","background-type":"","background-media":"","overlay-type":"","overlay-color":"","overlay-opacity":"","overlay-gradient":""},"tablet":{"background-color":"var(--ast-global-color-4)","background-image":"","background-repeat":"repeat","background-position":"center center","background-size":"auto","background-attachment":"scroll","background-type":"","background-media":"","overlay-type":"","overlay-color":"","overlay-opacity":"","overlay-gradient":""},"mobile":{"background-color":"var(--ast-global-color-4)","background-image":"","background-repeat":"repeat","background-position":"center center","background-size":"auto","background-attachment":"scroll","background-type":"","background-media":"","overlay-type":"","overlay-color":"","overlay-opacity":"","overlay-gradient":""}},"footnotes":""},"class_list":["post-4930","page","type-page","status-publish","has-post-thumbnail","hentry"],"yoast_head":"<!-- This site is optimized with the Yoast SEO plugin v27.3 - https:\/\/yoast.com\/product\/yoast-seo-wordpress\/ -->\n<title>Trabaja con nosotros - Polygon<\/title>\n<meta name=\"robots\" content=\"index, follow, max-snippet:-1, max-image-preview:large, max-video-preview:-1\" \/>\n<link rel=\"canonical\" href=\"https:\/\/polygon.eu\/es\/trabaja-con-nosotros\/\" \/>\n<meta property=\"og:locale\" content=\"es_ES\" \/>\n<meta property=\"og:type\" content=\"article\" \/>\n<meta property=\"og:title\" content=\"Trabaja con nosotros - Polygon\" \/>\n<meta property=\"og:description\" content=\"Trabajar en Polygon Polygon innova la Sanidad, integrando tecnolog\u00edas avanzadas y apoyando diariamente a las estructuras y al personal sanitario. Buscamos pasi\u00f3n, flexibilidad y determinaci\u00f3n, garantizando eficiencia, calidad y seguridad en un entorno \u00e9tico y orientado al crecimiento profesional. Trabajar en Polygon Polygon innova la Sanidad, integrando tecnolog\u00edas avanzadas y apoyando diariamente a las estructuras y al personal sanitario. Buscamos pasi\u00f3n, flexibilidad y determinaci\u00f3n, garantizando eficiencia, calidad y seguridad en un entorno \u00e9tico y orientado al crecimiento profesional. He le\u00eddo y comprendido la informaci\u00f3n sobre la protecci\u00f3n de datos personales. Adjunta tu CV\" \/>\n<meta property=\"og:url\" content=\"https:\/\/polygon.eu\/es\/trabaja-con-nosotros\/\" \/>\n<meta property=\"og:site_name\" content=\"Polygon\" \/>\n<meta property=\"article:modified_time\" content=\"2025-09-26T07:51:05+00:00\" \/>\n<meta property=\"og:image\" content=\"https:\/\/polygon.eu\/wp-content\/uploads\/2025\/08\/La-struttura-degli-organi-di-controllo.jpg\" \/>\n\t<meta property=\"og:image:width\" content=\"1000\" \/>\n\t<meta property=\"og:image:height\" content=\"1500\" \/>\n\t<meta property=\"og:image:type\" content=\"image\/jpeg\" \/>\n<meta name=\"twitter:card\" content=\"summary_large_image\" \/>\n<meta name=\"twitter:label1\" content=\"Tiempo de lectura\" \/>\n\t<meta name=\"twitter:data1\" content=\"1 minuto\" \/>\n<script type=\"application\/ld+json\" class=\"yoast-schema-graph\">{\"@context\":\"https:\\\/\\\/schema.org\",\"@graph\":[{\"@type\":\"WebPage\",\"@id\":\"https:\\\/\\\/polygon.eu\\\/es\\\/trabaja-con-nosotros\\\/\",\"url\":\"https:\\\/\\\/polygon.eu\\\/es\\\/trabaja-con-nosotros\\\/\",\"name\":\"Trabaja con nosotros - Polygon\",\"isPartOf\":{\"@id\":\"https:\\\/\\\/polygon.eu\\\/es\\\/#website\"},\"primaryImageOfPage\":{\"@id\":\"https:\\\/\\\/polygon.eu\\\/es\\\/trabaja-con-nosotros\\\/#primaryimage\"},\"image\":{\"@id\":\"https:\\\/\\\/polygon.eu\\\/es\\\/trabaja-con-nosotros\\\/#primaryimage\"},\"thumbnailUrl\":\"https:\\\/\\\/polygon.eu\\\/wp-content\\\/uploads\\\/2025\\\/08\\\/La-struttura-degli-organi-di-controllo.jpg\",\"datePublished\":\"2025-08-28T08:07:16+00:00\",\"dateModified\":\"2025-09-26T07:51:05+00:00\",\"breadcrumb\":{\"@id\":\"https:\\\/\\\/polygon.eu\\\/es\\\/trabaja-con-nosotros\\\/#breadcrumb\"},\"inLanguage\":\"es\",\"potentialAction\":[{\"@type\":\"ReadAction\",\"target\":[\"https:\\\/\\\/polygon.eu\\\/es\\\/trabaja-con-nosotros\\\/\"]}]},{\"@type\":\"ImageObject\",\"inLanguage\":\"es\",\"@id\":\"https:\\\/\\\/polygon.eu\\\/es\\\/trabaja-con-nosotros\\\/#primaryimage\",\"url\":\"https:\\\/\\\/polygon.eu\\\/wp-content\\\/uploads\\\/2025\\\/08\\\/La-struttura-degli-organi-di-controllo.jpg\",\"contentUrl\":\"https:\\\/\\\/polygon.eu\\\/wp-content\\\/uploads\\\/2025\\\/08\\\/La-struttura-degli-organi-di-controllo.jpg\",\"width\":1000,\"height\":1500},{\"@type\":\"BreadcrumbList\",\"@id\":\"https:\\\/\\\/polygon.eu\\\/es\\\/trabaja-con-nosotros\\\/#breadcrumb\",\"itemListElement\":[{\"@type\":\"ListItem\",\"position\":1,\"name\":\"Home\",\"item\":\"https:\\\/\\\/polygon.eu\\\/es\\\/\"},{\"@type\":\"ListItem\",\"position\":2,\"name\":\"Trabaja con nosotros\"}]},{\"@type\":\"WebSite\",\"@id\":\"https:\\\/\\\/polygon.eu\\\/es\\\/#website\",\"url\":\"https:\\\/\\\/polygon.eu\\\/es\\\/\",\"name\":\"Polygon\",\"description\":\"Technical Solutions\",\"publisher\":{\"@id\":\"https:\\\/\\\/polygon.eu\\\/es\\\/#organization\"},\"potentialAction\":[{\"@type\":\"SearchAction\",\"target\":{\"@type\":\"EntryPoint\",\"urlTemplate\":\"https:\\\/\\\/polygon.eu\\\/es\\\/?s={search_term_string}\"},\"query-input\":{\"@type\":\"PropertyValueSpecification\",\"valueRequired\":true,\"valueName\":\"search_term_string\"}}],\"inLanguage\":\"es\"},{\"@type\":\"Organization\",\"@id\":\"https:\\\/\\\/polygon.eu\\\/es\\\/#organization\",\"name\":\"Polygon\",\"url\":\"https:\\\/\\\/polygon.eu\\\/es\\\/\",\"logo\":{\"@type\":\"ImageObject\",\"inLanguage\":\"es\",\"@id\":\"https:\\\/\\\/polygon.eu\\\/es\\\/#\\\/schema\\\/logo\\\/image\\\/\",\"url\":\"https:\\\/\\\/polygon.eu\\\/wp-content\\\/uploads\\\/2025\\\/05\\\/logo-scaled.png\",\"contentUrl\":\"https:\\\/\\\/polygon.eu\\\/wp-content\\\/uploads\\\/2025\\\/05\\\/logo-scaled.png\",\"width\":2560,\"height\":917,\"caption\":\"Polygon\"},\"image\":{\"@id\":\"https:\\\/\\\/polygon.eu\\\/es\\\/#\\\/schema\\\/logo\\\/image\\\/\"}}]}<\/script>\n<!-- \/ Yoast SEO plugin. -->","yoast_head_json":{"title":"Trabaja con nosotros - Polygon","robots":{"index":"index","follow":"follow","max-snippet":"max-snippet:-1","max-image-preview":"max-image-preview:large","max-video-preview":"max-video-preview:-1"},"canonical":"https:\/\/polygon.eu\/es\/trabaja-con-nosotros\/","og_locale":"es_ES","og_type":"article","og_title":"Trabaja con nosotros - Polygon","og_description":"Trabajar en Polygon Polygon innova la Sanidad, integrando tecnolog\u00edas avanzadas y apoyando diariamente a las estructuras y al personal sanitario. Buscamos pasi\u00f3n, flexibilidad y determinaci\u00f3n, garantizando eficiencia, calidad y seguridad en un entorno \u00e9tico y orientado al crecimiento profesional. Trabajar en Polygon Polygon innova la Sanidad, integrando tecnolog\u00edas avanzadas y apoyando diariamente a las estructuras y al personal sanitario. Buscamos pasi\u00f3n, flexibilidad y determinaci\u00f3n, garantizando eficiencia, calidad y seguridad en un entorno \u00e9tico y orientado al crecimiento profesional. He le\u00eddo y comprendido la informaci\u00f3n sobre la protecci\u00f3n de datos personales. Adjunta tu CV","og_url":"https:\/\/polygon.eu\/es\/trabaja-con-nosotros\/","og_site_name":"Polygon","article_modified_time":"2025-09-26T07:51:05+00:00","og_image":[{"width":1000,"height":1500,"url":"https:\/\/polygon.eu\/wp-content\/uploads\/2025\/08\/La-struttura-degli-organi-di-controllo.jpg","type":"image\/jpeg"}],"twitter_card":"summary_large_image","twitter_misc":{"Tiempo de lectura":"1 minuto"},"schema":{"@context":"https:\/\/schema.org","@graph":[{"@type":"WebPage","@id":"https:\/\/polygon.eu\/es\/trabaja-con-nosotros\/","url":"https:\/\/polygon.eu\/es\/trabaja-con-nosotros\/","name":"Trabaja con nosotros - Polygon","isPartOf":{"@id":"https:\/\/polygon.eu\/es\/#website"},"primaryImageOfPage":{"@id":"https:\/\/polygon.eu\/es\/trabaja-con-nosotros\/#primaryimage"},"image":{"@id":"https:\/\/polygon.eu\/es\/trabaja-con-nosotros\/#primaryimage"},"thumbnailUrl":"https:\/\/polygon.eu\/wp-content\/uploads\/2025\/08\/La-struttura-degli-organi-di-controllo.jpg","datePublished":"2025-08-28T08:07:16+00:00","dateModified":"2025-09-26T07:51:05+00:00","breadcrumb":{"@id":"https:\/\/polygon.eu\/es\/trabaja-con-nosotros\/#breadcrumb"},"inLanguage":"es","potentialAction":[{"@type":"ReadAction","target":["https:\/\/polygon.eu\/es\/trabaja-con-nosotros\/"]}]},{"@type":"ImageObject","inLanguage":"es","@id":"https:\/\/polygon.eu\/es\/trabaja-con-nosotros\/#primaryimage","url":"https:\/\/polygon.eu\/wp-content\/uploads\/2025\/08\/La-struttura-degli-organi-di-controllo.jpg","contentUrl":"https:\/\/polygon.eu\/wp-content\/uploads\/2025\/08\/La-struttura-degli-organi-di-controllo.jpg","width":1000,"height":1500},{"@type":"BreadcrumbList","@id":"https:\/\/polygon.eu\/es\/trabaja-con-nosotros\/#breadcrumb","itemListElement":[{"@type":"ListItem","position":1,"name":"Home","item":"https:\/\/polygon.eu\/es\/"},{"@type":"ListItem","position":2,"name":"Trabaja con nosotros"}]},{"@type":"WebSite","@id":"https:\/\/polygon.eu\/es\/#website","url":"https:\/\/polygon.eu\/es\/","name":"Polygon","description":"Technical Solutions","publisher":{"@id":"https:\/\/polygon.eu\/es\/#organization"},"potentialAction":[{"@type":"SearchAction","target":{"@type":"EntryPoint","urlTemplate":"https:\/\/polygon.eu\/es\/?s={search_term_string}"},"query-input":{"@type":"PropertyValueSpecification","valueRequired":true,"valueName":"search_term_string"}}],"inLanguage":"es"},{"@type":"Organization","@id":"https:\/\/polygon.eu\/es\/#organization","name":"Polygon","url":"https:\/\/polygon.eu\/es\/","logo":{"@type":"ImageObject","inLanguage":"es","@id":"https:\/\/polygon.eu\/es\/#\/schema\/logo\/image\/","url":"https:\/\/polygon.eu\/wp-content\/uploads\/2025\/05\/logo-scaled.png","contentUrl":"https:\/\/polygon.eu\/wp-content\/uploads\/2025\/05\/logo-scaled.png","width":2560,"height":917,"caption":"Polygon"},"image":{"@id":"https:\/\/polygon.eu\/es\/#\/schema\/logo\/image\/"}}]}},"_links":{"self":[{"href":"https:\/\/polygon.eu\/es\/wp-json\/wp\/v2\/pages\/4930","targetHints":{"allow":["GET"]}}],"collection":[{"href":"https:\/\/polygon.eu\/es\/wp-json\/wp\/v2\/pages"}],"about":[{"href":"https:\/\/polygon.eu\/es\/wp-json\/wp\/v2\/types\/page"}],"author":[{"embeddable":true,"href":"https:\/\/polygon.eu\/es\/wp-json\/wp\/v2\/users\/8"}],"replies":[{"embeddable":true,"href":"https:\/\/polygon.eu\/es\/wp-json\/wp\/v2\/comments?post=4930"}],"version-history":[{"count":5,"href":"https:\/\/polygon.eu\/es\/wp-json\/wp\/v2\/pages\/4930\/revisions"}],"predecessor-version":[{"id":5507,"href":"https:\/\/polygon.eu\/es\/wp-json\/wp\/v2\/pages\/4930\/revisions\/5507"}],"wp:featuredmedia":[{"embeddable":true,"href":"https:\/\/polygon.eu\/es\/wp-json\/wp\/v2\/media\/4756"}],"wp:attachment":[{"href":"https:\/\/polygon.eu\/es\/wp-json\/wp\/v2\/media?parent=4930"}],"curies":[{"name":"wp","href":"https:\/\/api.w.org\/{rel}","templated":true}]}}