{"id":5808,"date":"2026-01-26T16:57:26","date_gmt":"2026-01-26T15:57:26","guid":{"rendered":"https:\/\/polygon.eu\/declaracion-de-accesibilidad\/"},"modified":"2026-02-05T16:59:26","modified_gmt":"2026-02-05T15:59:26","slug":"declaracion-de-accesibilidad","status":"publish","type":"page","link":"https:\/\/polygon.eu\/es\/declaracion-de-accesibilidad\/","title":{"rendered":"Declaraci\u00f3n de accesibilidad"},"content":{"rendered":"\t\t<div data-elementor-type=\"wp-page\" data-elementor-id=\"5808\" class=\"elementor elementor-5808 elementor-5766\" data-elementor-settings=\"{&quot;ha_cmc_init_switcher&quot;:&quot;no&quot;}\" data-elementor-post-type=\"page\">\n\t\t\t\t<div class=\"elementor-element elementor-element-560ff38b e-flex e-con-boxed wpr-particle-no wpr-jarallax-no wpr-parallax-no wpr-sticky-section-no e-con e-parent\" data-id=\"560ff38b\" data-element_type=\"container\" data-e-type=\"container\" data-settings=\"{&quot;_ha_eqh_enable&quot;:false}\">\n\t\t\t\t\t<div class=\"e-con-inner\">\n\t\t\t\t<div class=\"elementor-element elementor-element-203f3d96 elementor-widget elementor-widget-text-editor\" data-id=\"203f3d96\" data-element_type=\"widget\" data-e-type=\"widget\" data-widget_type=\"text-editor.default\">\n\t\t\t\t<div class=\"elementor-widget-container\">\n\t\t\t\t\t\t\t\t\t<p data-start=\"1362\" data-end=\"1395\"><strong>Declaraci\u00f3n de accesibilidad<\/strong><\/p><p data-start=\"1397\" data-end=\"1669\"><strong data-start=\"1397\" data-end=\"1415\">POLYGON S.P.A.<\/strong> se compromete a garantizar la accesibilidad digital para las personas con discapacidad. La empresa mejora continuamente la experiencia del usuario para todos y aplica las normativas y est\u00e1ndares de accesibilidad pertinentes, seg\u00fan lo definido por la <strong data-start=\"1645\" data-end=\"1668\">norma UNI EN 301549.<\/strong> <\/p><p data-start=\"1671\" data-end=\"1762\">La presente declaraci\u00f3n de accesibilidad se aplica al sitio web:<br data-start=\"1737\" data-end=\"1740\"><a class=\"decorated-link\" href=\"https:\/\/polygon.eu\/es\/\" target=\"_new\" rel=\"noopener\" data-start=\"1743\" data-end=\"1762\">https:\/\/polygon.eu\/<\/a><br><br>Estado de conformidad<\/p><p data-start=\"1794\" data-end=\"1922\">Este sitio web es <strong data-start=\"1812\" data-end=\"1837\">parcialmente conforme<\/strong> a los requisitos de las <strong data-start=\"1857\" data-end=\"1921\">Web Content Accessibility Guidelines (WCAG) 2.1 \u2013 Nivel AA.<\/strong><\/p><p data-start=\"1924\" data-end=\"2143\">POLYGON S.P.A. trabaja activamente para mejorar la accesibilidad del sitio web y su contenido, considerando que es una responsabilidad \u00e9tica y profesional garantizar un acceso inclusivo y sin barreras.<\/p><p data-start=\"2145\" data-end=\"2333\">Algunos contenidos pueden no cumplir completamente con los est\u00e1ndares m\u00e1s altos de accesibilidad debido a limitaciones t\u00e9cnicas o la necesidad de actualizaciones progresivas.<\/p><p data-start=\"2335\" data-end=\"2472\">Esta declaraci\u00f3n se actualizar\u00e1 peri\u00f3dicamente para reflejar mejoras o cambios en las pr\u00e1cticas de accesibilidad.<br><br><strong>Comentarios e informaci\u00f3n de contacto<\/strong><\/p><p data-start=\"2520\" data-end=\"2688\">Agradecemos los comentarios sobre la accesibilidad del sitio web de POLYGON S.P.A.<br data-start=\"2612\" data-end=\"2615\">Si encuentra dificultades para acceder a los contenidos, puede contactarnos en:<\/p><p data-start=\"2690\" data-end=\"2717\"><strong data-start=\"2693\" data-end=\"2715\"><a class=\"decorated-link cursor-pointer\" rel=\"noopener\" data-start=\"2695\" data-end=\"2713\">&#x69;&#x6e;&#x66;&#111;&#46;ts&#x40;&#x70;&#x6f;&#108;&#121;go&#x6e;&#x2e;&#x65;&#117;<\/a><\/strong><\/p><p data-start=\"2719\" data-end=\"2778\">Nos comprometemos a responder en un plazo de <strong data-start=\"2752\" data-end=\"2777\">3\u20135 d\u00edas h\u00e1biles.<\/strong><br><br><strong>Informes a la Agencia para la Italia Digital (AgID)<\/strong><\/p><p data-start=\"2844\" data-end=\"3064\">Si la respuesta no es satisfactoria o si no se recibe respuesta dentro de <strong data-start=\"2908\" data-end=\"2921\">30 d\u00edas,<\/strong> los usuarios pueden presentar un informe a <strong data-start=\"2967\" data-end=\"2975\">AgID<\/strong>, seg\u00fan los procedimientos indicados en el sitio web oficial de la Agencia para la Italia Digital.<\/p>\t\t\t\t\t\t\t\t<\/div>\n\t\t\t\t<\/div>\n\t\t\t\t\t<\/div>\n\t\t\t\t<\/div>\n\t\t\t\t<\/div>\n\t\t","protected":false},"excerpt":{"rendered":"<p>Declaraci\u00f3n de accesibilidad POLYGON S.P.A. se compromete a garantizar la accesibilidad digital para las personas con discapacidad. La empresa mejora continuamente la experiencia del usuario para todos y aplica las normativas y est\u00e1ndares de accesibilidad pertinentes, seg\u00fan lo definido por la norma UNI EN 301549. La presente declaraci\u00f3n de accesibilidad se aplica al sitio web:https:\/\/polygon.eu\/ Estado de conformidad Este sitio web es parcialmente conforme a los requisitos de las Web Content Accessibility Guidelines (WCAG) 2.1 \u2013 Nivel AA. POLYGON S.P.A. trabaja activamente para mejorar la accesibilidad del sitio web y su contenido, considerando que es una responsabilidad \u00e9tica y profesional garantizar un acceso inclusivo y sin barreras. Algunos contenidos pueden no cumplir completamente con los est\u00e1ndares m\u00e1s altos de accesibilidad debido a limitaciones t\u00e9cnicas o la necesidad de actualizaciones progresivas. Esta declaraci\u00f3n se actualizar\u00e1 peri\u00f3dicamente para reflejar mejoras o cambios en las pr\u00e1cticas de accesibilidad. Comentarios e informaci\u00f3n de contacto Agradecemos los comentarios sobre la accesibilidad del sitio web de POLYGON S.P.A.Si encuentra dificultades para acceder a los contenidos, puede contactarnos en: &#x69;&#110;&#102;o&#x2e;&#x74;&#115;&#64;&#x70;&#x6f;&#108;yg&#x6f;&#110;&#46;e&#x75; Nos comprometemos a responder en un plazo de 3\u20135 d\u00edas h\u00e1biles. Informes a la Agencia para la Italia Digital (AgID) Si la respuesta no es satisfactoria o si no se recibe respuesta dentro de 30 d\u00edas, los usuarios pueden presentar un informe a AgID, seg\u00fan los procedimientos indicados en el sitio web oficial de la Agencia para la Italia Digital.<\/p>\n","protected":false},"author":8,"featured_media":0,"parent":0,"menu_order":0,"comment_status":"closed","ping_status":"closed","template":"","meta":{"site-sidebar-layout":"default","site-content-layout":"","ast-site-content-layout":"default","site-content-style":"default","site-sidebar-style":"default","ast-global-header-display":"","ast-banner-title-visibility":"","ast-main-header-display":"","ast-hfb-above-header-display":"","ast-hfb-below-header-display":"","ast-hfb-mobile-header-display":"","site-post-title":"","ast-breadcrumbs-content":"","ast-featured-img":"","footer-sml-layout":"","ast-disable-related-posts":"","theme-transparent-header-meta":"default","adv-header-id-meta":"","stick-header-meta":"","header-above-stick-meta":"","header-main-stick-meta":"","header-below-stick-meta":"","astra-migrate-meta-layouts":"default","ast-page-background-enabled":"default","ast-page-background-meta":{"desktop":{"background-color":"var(--ast-global-color-5)","background-image":"","background-repeat":"repeat","background-position":"center center","background-size":"auto","background-attachment":"scroll","background-type":"","background-media":"","overlay-type":"","overlay-color":"","overlay-opacity":"","overlay-gradient":""},"tablet":{"background-color":"","background-image":"","background-repeat":"repeat","background-position":"center center","background-size":"auto","background-attachment":"scroll","background-type":"","background-media":"","overlay-type":"","overlay-color":"","overlay-opacity":"","overlay-gradient":""},"mobile":{"background-color":"","background-image":"","background-repeat":"repeat","background-position":"center center","background-size":"auto","background-attachment":"scroll","background-type":"","background-media":"","overlay-type":"","overlay-color":"","overlay-opacity":"","overlay-gradient":""}},"ast-content-background-meta":{"desktop":{"background-color":"var(--ast-global-color-4)","background-image":"","background-repeat":"repeat","background-position":"center center","background-size":"auto","background-attachment":"scroll","background-type":"","background-media":"","overlay-type":"","overlay-color":"","overlay-opacity":"","overlay-gradient":""},"tablet":{"background-color":"var(--ast-global-color-4)","background-image":"","background-repeat":"repeat","background-position":"center center","background-size":"auto","background-attachment":"scroll","background-type":"","background-media":"","overlay-type":"","overlay-color":"","overlay-opacity":"","overlay-gradient":""},"mobile":{"background-color":"var(--ast-global-color-4)","background-image":"","background-repeat":"repeat","background-position":"center center","background-size":"auto","background-attachment":"scroll","background-type":"","background-media":"","overlay-type":"","overlay-color":"","overlay-opacity":"","overlay-gradient":""}},"footnotes":""},"class_list":["post-5808","page","type-page","status-publish","hentry"],"yoast_head":"<!-- This site is optimized with the Yoast SEO plugin v27.3 - https:\/\/yoast.com\/product\/yoast-seo-wordpress\/ -->\n<title>Declaraci\u00f3n de accesibilidad - Polygon<\/title>\n<meta name=\"robots\" content=\"index, follow, max-snippet:-1, max-image-preview:large, max-video-preview:-1\" \/>\n<link rel=\"canonical\" href=\"https:\/\/polygon.eu\/es\/declaracion-de-accesibilidad\/\" \/>\n<meta property=\"og:locale\" content=\"es_ES\" \/>\n<meta property=\"og:type\" content=\"article\" \/>\n<meta property=\"og:title\" content=\"Declaraci\u00f3n de accesibilidad - Polygon\" \/>\n<meta property=\"og:description\" content=\"Declaraci\u00f3n de accesibilidad POLYGON S.P.A. se compromete a garantizar la accesibilidad digital para las personas con discapacidad. La empresa mejora continuamente la experiencia del usuario para todos y aplica las normativas y est\u00e1ndares de accesibilidad pertinentes, seg\u00fan lo definido por la norma UNI EN 301549. La presente declaraci\u00f3n de accesibilidad se aplica al sitio web:https:\/\/polygon.eu\/ Estado de conformidad Este sitio web es parcialmente conforme a los requisitos de las Web Content Accessibility Guidelines (WCAG) 2.1 \u2013 Nivel AA. POLYGON S.P.A. trabaja activamente para mejorar la accesibilidad del sitio web y su contenido, considerando que es una responsabilidad \u00e9tica y profesional garantizar un acceso inclusivo y sin barreras. Algunos contenidos pueden no cumplir completamente con los est\u00e1ndares m\u00e1s altos de accesibilidad debido a limitaciones t\u00e9cnicas o la necesidad de actualizaciones progresivas. Esta declaraci\u00f3n se actualizar\u00e1 peri\u00f3dicamente para reflejar mejoras o cambios en las pr\u00e1cticas de accesibilidad. Comentarios e informaci\u00f3n de contacto Agradecemos los comentarios sobre la accesibilidad del sitio web de POLYGON S.P.A.Si encuentra dificultades para acceder a los contenidos, puede contactarnos en: info&#046;ts&#064;polygon&#046;eu Nos comprometemos a responder en un plazo de 3\u20135 d\u00edas h\u00e1biles. Informes a la Agencia para la Italia Digital (AgID) Si la respuesta no es satisfactoria o si no se recibe respuesta dentro de 30 d\u00edas, los usuarios pueden presentar un informe a AgID, seg\u00fan los procedimientos indicados en el sitio web oficial de la Agencia para la Italia Digital.\" \/>\n<meta property=\"og:url\" content=\"https:\/\/polygon.eu\/es\/declaracion-de-accesibilidad\/\" \/>\n<meta property=\"og:site_name\" content=\"Polygon\" \/>\n<meta property=\"article:modified_time\" content=\"2026-02-05T15:59:26+00:00\" \/>\n<meta name=\"twitter:card\" content=\"summary_large_image\" \/>\n<meta name=\"twitter:label1\" content=\"Tiempo de lectura\" \/>\n\t<meta name=\"twitter:data1\" content=\"1 minuto\" \/>\n<script type=\"application\/ld+json\" class=\"yoast-schema-graph\">{\"@context\":\"https:\\\/\\\/schema.org\",\"@graph\":[{\"@type\":\"WebPage\",\"@id\":\"https:\\\/\\\/polygon.eu\\\/es\\\/declaracion-de-accesibilidad\\\/\",\"url\":\"https:\\\/\\\/polygon.eu\\\/es\\\/declaracion-de-accesibilidad\\\/\",\"name\":\"Declaraci\u00f3n de accesibilidad - Polygon\",\"isPartOf\":{\"@id\":\"https:\\\/\\\/polygon.eu\\\/es\\\/#website\"},\"datePublished\":\"2026-01-26T15:57:26+00:00\",\"dateModified\":\"2026-02-05T15:59:26+00:00\",\"breadcrumb\":{\"@id\":\"https:\\\/\\\/polygon.eu\\\/es\\\/declaracion-de-accesibilidad\\\/#breadcrumb\"},\"inLanguage\":\"es\",\"potentialAction\":[{\"@type\":\"ReadAction\",\"target\":[\"https:\\\/\\\/polygon.eu\\\/es\\\/declaracion-de-accesibilidad\\\/\"]}]},{\"@type\":\"BreadcrumbList\",\"@id\":\"https:\\\/\\\/polygon.eu\\\/es\\\/declaracion-de-accesibilidad\\\/#breadcrumb\",\"itemListElement\":[{\"@type\":\"ListItem\",\"position\":1,\"name\":\"Home\",\"item\":\"https:\\\/\\\/polygon.eu\\\/es\\\/\"},{\"@type\":\"ListItem\",\"position\":2,\"name\":\"Declaraci\u00f3n de accesibilidad\"}]},{\"@type\":\"WebSite\",\"@id\":\"https:\\\/\\\/polygon.eu\\\/es\\\/#website\",\"url\":\"https:\\\/\\\/polygon.eu\\\/es\\\/\",\"name\":\"Polygon\",\"description\":\"Technical Solutions\",\"publisher\":{\"@id\":\"https:\\\/\\\/polygon.eu\\\/es\\\/#organization\"},\"potentialAction\":[{\"@type\":\"SearchAction\",\"target\":{\"@type\":\"EntryPoint\",\"urlTemplate\":\"https:\\\/\\\/polygon.eu\\\/es\\\/?s={search_term_string}\"},\"query-input\":{\"@type\":\"PropertyValueSpecification\",\"valueRequired\":true,\"valueName\":\"search_term_string\"}}],\"inLanguage\":\"es\"},{\"@type\":\"Organization\",\"@id\":\"https:\\\/\\\/polygon.eu\\\/es\\\/#organization\",\"name\":\"Polygon\",\"url\":\"https:\\\/\\\/polygon.eu\\\/es\\\/\",\"logo\":{\"@type\":\"ImageObject\",\"inLanguage\":\"es\",\"@id\":\"https:\\\/\\\/polygon.eu\\\/es\\\/#\\\/schema\\\/logo\\\/image\\\/\",\"url\":\"https:\\\/\\\/polygon.eu\\\/wp-content\\\/uploads\\\/2025\\\/05\\\/logo-scaled.png\",\"contentUrl\":\"https:\\\/\\\/polygon.eu\\\/wp-content\\\/uploads\\\/2025\\\/05\\\/logo-scaled.png\",\"width\":2560,\"height\":917,\"caption\":\"Polygon\"},\"image\":{\"@id\":\"https:\\\/\\\/polygon.eu\\\/es\\\/#\\\/schema\\\/logo\\\/image\\\/\"}}]}<\/script>\n<!-- \/ Yoast SEO plugin. -->","yoast_head_json":{"title":"Declaraci\u00f3n de accesibilidad - Polygon","robots":{"index":"index","follow":"follow","max-snippet":"max-snippet:-1","max-image-preview":"max-image-preview:large","max-video-preview":"max-video-preview:-1"},"canonical":"https:\/\/polygon.eu\/es\/declaracion-de-accesibilidad\/","og_locale":"es_ES","og_type":"article","og_title":"Declaraci\u00f3n de accesibilidad - Polygon","og_description":"Declaraci\u00f3n de accesibilidad POLYGON S.P.A. se compromete a garantizar la accesibilidad digital para las personas con discapacidad. La empresa mejora continuamente la experiencia del usuario para todos y aplica las normativas y est\u00e1ndares de accesibilidad pertinentes, seg\u00fan lo definido por la norma UNI EN 301549. La presente declaraci\u00f3n de accesibilidad se aplica al sitio web:https:\/\/polygon.eu\/ Estado de conformidad Este sitio web es parcialmente conforme a los requisitos de las Web Content Accessibility Guidelines (WCAG) 2.1 \u2013 Nivel AA. POLYGON S.P.A. trabaja activamente para mejorar la accesibilidad del sitio web y su contenido, considerando que es una responsabilidad \u00e9tica y profesional garantizar un acceso inclusivo y sin barreras. Algunos contenidos pueden no cumplir completamente con los est\u00e1ndares m\u00e1s altos de accesibilidad debido a limitaciones t\u00e9cnicas o la necesidad de actualizaciones progresivas. Esta declaraci\u00f3n se actualizar\u00e1 peri\u00f3dicamente para reflejar mejoras o cambios en las pr\u00e1cticas de accesibilidad. Comentarios e informaci\u00f3n de contacto Agradecemos los comentarios sobre la accesibilidad del sitio web de POLYGON S.P.A.Si encuentra dificultades para acceder a los contenidos, puede contactarnos en: &#x69;n&#x66;o&#x2e;&#116;&#x73;&#64;p&#x6f;l&#x79;&#103;&#x6f;&#110;&#x2e;&#101;u Nos comprometemos a responder en un plazo de 3\u20135 d\u00edas h\u00e1biles. Informes a la Agencia para la Italia Digital (AgID) Si la respuesta no es satisfactoria o si no se recibe respuesta dentro de 30 d\u00edas, los usuarios pueden presentar un informe a AgID, seg\u00fan los procedimientos indicados en el sitio web oficial de la Agencia para la Italia Digital.","og_url":"https:\/\/polygon.eu\/es\/declaracion-de-accesibilidad\/","og_site_name":"Polygon","article_modified_time":"2026-02-05T15:59:26+00:00","twitter_card":"summary_large_image","twitter_misc":{"Tiempo de lectura":"1 minuto"},"schema":{"@context":"https:\/\/schema.org","@graph":[{"@type":"WebPage","@id":"https:\/\/polygon.eu\/es\/declaracion-de-accesibilidad\/","url":"https:\/\/polygon.eu\/es\/declaracion-de-accesibilidad\/","name":"Declaraci\u00f3n de accesibilidad - Polygon","isPartOf":{"@id":"https:\/\/polygon.eu\/es\/#website"},"datePublished":"2026-01-26T15:57:26+00:00","dateModified":"2026-02-05T15:59:26+00:00","breadcrumb":{"@id":"https:\/\/polygon.eu\/es\/declaracion-de-accesibilidad\/#breadcrumb"},"inLanguage":"es","potentialAction":[{"@type":"ReadAction","target":["https:\/\/polygon.eu\/es\/declaracion-de-accesibilidad\/"]}]},{"@type":"BreadcrumbList","@id":"https:\/\/polygon.eu\/es\/declaracion-de-accesibilidad\/#breadcrumb","itemListElement":[{"@type":"ListItem","position":1,"name":"Home","item":"https:\/\/polygon.eu\/es\/"},{"@type":"ListItem","position":2,"name":"Declaraci\u00f3n de accesibilidad"}]},{"@type":"WebSite","@id":"https:\/\/polygon.eu\/es\/#website","url":"https:\/\/polygon.eu\/es\/","name":"Polygon","description":"Technical Solutions","publisher":{"@id":"https:\/\/polygon.eu\/es\/#organization"},"potentialAction":[{"@type":"SearchAction","target":{"@type":"EntryPoint","urlTemplate":"https:\/\/polygon.eu\/es\/?s={search_term_string}"},"query-input":{"@type":"PropertyValueSpecification","valueRequired":true,"valueName":"search_term_string"}}],"inLanguage":"es"},{"@type":"Organization","@id":"https:\/\/polygon.eu\/es\/#organization","name":"Polygon","url":"https:\/\/polygon.eu\/es\/","logo":{"@type":"ImageObject","inLanguage":"es","@id":"https:\/\/polygon.eu\/es\/#\/schema\/logo\/image\/","url":"https:\/\/polygon.eu\/wp-content\/uploads\/2025\/05\/logo-scaled.png","contentUrl":"https:\/\/polygon.eu\/wp-content\/uploads\/2025\/05\/logo-scaled.png","width":2560,"height":917,"caption":"Polygon"},"image":{"@id":"https:\/\/polygon.eu\/es\/#\/schema\/logo\/image\/"}}]}},"_links":{"self":[{"href":"https:\/\/polygon.eu\/es\/wp-json\/wp\/v2\/pages\/5808","targetHints":{"allow":["GET"]}}],"collection":[{"href":"https:\/\/polygon.eu\/es\/wp-json\/wp\/v2\/pages"}],"about":[{"href":"https:\/\/polygon.eu\/es\/wp-json\/wp\/v2\/types\/page"}],"author":[{"embeddable":true,"href":"https:\/\/polygon.eu\/es\/wp-json\/wp\/v2\/users\/8"}],"replies":[{"embeddable":true,"href":"https:\/\/polygon.eu\/es\/wp-json\/wp\/v2\/comments?post=5808"}],"version-history":[{"count":2,"href":"https:\/\/polygon.eu\/es\/wp-json\/wp\/v2\/pages\/5808\/revisions"}],"predecessor-version":[{"id":5827,"href":"https:\/\/polygon.eu\/es\/wp-json\/wp\/v2\/pages\/5808\/revisions\/5827"}],"wp:attachment":[{"href":"https:\/\/polygon.eu\/es\/wp-json\/wp\/v2\/media?parent=5808"}],"curies":[{"name":"wp","href":"https:\/\/api.w.org\/{rel}","templated":true}]}}